{"id":427,"date":"2020-10-17T17:00:00","date_gmt":"2020-10-17T17:00:00","guid":{"rendered":"http:\/\/dia-cvet.eu\/?page_id=427"},"modified":"2023-10-30T12:15:46","modified_gmt":"2023-10-30T11:15:46","slug":"results","status":"publish","type":"page","link":"https:\/\/dia-cvet.eu\/ro\/results\/","title":{"rendered":"Rezultate"},"content":{"rendered":"<ul>\n<li><a href=\"http:\/\/dia-cvet.eu\/wp-content\/uploads\/2022\/02\/IO-01_RO.pdf\" target=\"_blank\" rel=\"noopener\">Sfere de activitate pentru educa\u021bie \u0219i formare<\/a> profesional\u0103 continu\u0103 \u00een produc\u021bia industrial\u0103 de \u00eenc\u0103l\u021b\u0103minte [IO1]<\/li>\n<li>Metodologie actualizat\u0103: <a href=\"http:\/\/dia-cvet.eu\/wp-content\/uploads\/2023\/01\/IO_01_TA-Manual_RO.pdf\" target=\"_blank\" rel=\"noopener\">Analiza sarcinilor<\/a> (EN: Task Analyses &#8211; TA) pentru sistemul CVET [IO1]<\/li>\n<li>Evaluarea prin intermediul Analiza sarcinilor (TA) a ceea ce s-ar putea \u00eenv\u0103\u021ba \u00een sistemul CVET \u00een cadrul companiilor partenere din Rom\u00e2nia (<a href=\"http:\/\/dia-cvet.eu\/wp-content\/uploads\/2022\/03\/IO_01_TA_RO_EN.pdf\" target=\"_blank\" rel=\"noopener\">EN<\/a> <span class=\"Y2IQFc\" lang=\"ro\">\u0219i<\/span> <a href=\"http:\/\/dia-cvet.eu\/wp-content\/uploads\/2022\/03\/IO_01_TA_RO_RO.pdf\" target=\"_blank\" rel=\"noopener\">RO<\/a>) [IO1]<\/li>\n<li><a href=\"http:\/\/dia-cvet.eu\/wp-content\/uploads\/2022\/05\/IO_01_Comp-Design_RO.pdf\" target=\"_blank\" rel=\"noopener\">Raport comparativ<\/a> (Analiza sarcinilor) [IO1]<\/li>\n<li><a href=\"http:\/\/dia-cvet.eu\/wp-content\/uploads\/2023\/01\/IO_02_ALL_RO.pdf\" target=\"_blank\" rel=\"noopener\">Raport comparativ <\/a>asupra Recunoa\u0219terii Instruirii Anterioare \u0219i recomand\u0103ri pentru DIA-CVET [IO2]<\/li>\n<li><a href=\"http:\/\/dia-cvet.eu\/wp-content\/uploads\/2022\/02\/IO-03_RO.pdf\" target=\"_blank\" rel=\"noopener\">Op\u021biuni de proiectare didactic\u0103<\/a> pentru utilizarea poten\u021bialelor \u00cenv\u0103\u021b\u0103rii la locul de munc\u0103 \u00een cadrul CVET [IO3]<\/li>\n<li><a href=\"https:\/\/dia-cvet.eu\/ro\/11-manuals-for-tutors-to-support-work-based-learning\/\" target=\"_blank\" rel=\"noopener\">Manuale<\/a> destinate tutorilor pentru sprijinirea sistemului CVET [IO3]<\/li>\n<li>Curriculum confirmat pentru \u00cenv\u0103\u021barea la locul de munc\u0103 \u00een Rom\u00e2nia (versiuni lingvistice: <a href=\"http:\/\/dia-cvet.eu\/wp-content\/uploads\/2023\/01\/IO4_Curriculum_RO-EN.pdf\" target=\"_blank\" rel=\"noopener\">EN<\/a> \u0219i <a href=\"http:\/\/dia-cvet.eu\/wp-content\/uploads\/2023\/01\/IO4_Curriculum_RO-RO.pdf\" target=\"_blank\" rel=\"noopener\">RO<\/a>) [IO4]<\/li>\n<li>Linii directoare privind <a href=\"http:\/\/dia-cvet.eu\/wp-content\/uploads\/2022\/06\/IO_05_Quality-Guidelines_RO.pdf\" target=\"_blank\" rel=\"noopener\">Asigurarea Calit\u0103\u021bii<\/a> \u00een sistemul CVET \u00een industria \u00eenc\u0103l\u021b\u0103mintei [IO5]<\/li>\n<li><a href=\"http:\/\/dia-cvet.eu\/wp-content\/uploads\/2023\/02\/QA_IO5-\u2013-Quest_DIA-CVET_EU_logo_RO.pdf\" target=\"_blank\" rel=\"noopener\">Chestionar de Asigurare a Calit\u0103\u021bii<\/a> pentru evaluarea formativ\u0103 [IO5]<\/li>\n<li>Bune practici aparente: Experien\u021ba \u0219i analiza SWOT ale pilot\u0103rii CVET \u00een Germania. (<a href=\"http:\/\/dia-cvet.eu\/wp-content\/uploads\/2023\/10\/DIA-CVET_Video-PFI-DE-EN.mp4\" target=\"_blank\" rel=\"noopener\">DE\/EN<\/a>) [IO6]<\/li>\n<li>Bune practici aparente: Experien\u021ba \u0219i analiza SWOT ale pilot\u0103rii CVET \u00een Portugalia. (<a href=\"http:\/\/dia-cvet.eu\/wp-content\/uploads\/2023\/10\/IO6_Pilot-Experience_PT.mp4\" target=\"_blank\" rel=\"noopener\">PT\/EN<\/a>) [IO6]<\/li>\n<li>Bune practici aparente: Experien\u021ba \u0219i analiza SWOT ale pilot\u0103rii CVET \u00een Rom\u00e2nia. (<a href=\"http:\/\/dia-cvet.eu\/wp-content\/uploads\/2023\/10\/Dia-CVET_Video_RO.mp4\" target=\"_blank\" rel=\"noopener\">RO\/EN<\/a>) [IO6]<\/li>\n<li><a href=\"http:\/\/dia-cvet.eu\/wp-content\/uploads\/2023\/08\/07_SQF_RO_final.pdf\" target=\"_blank\" rel=\"noopener\">Cadrul Sectorial al Calific\u0103rilor<\/a>, nivel 5-7, pentru produc\u021bia industrial\u0103 de \u00eenc\u0103l\u021b\u0103minte. (schi\u021b\u0103) [IO7]<\/li>\n<li><a href=\"http:\/\/dia-cvet.eu\/wp-content\/uploads\/2023\/10\/IO_08_MoU_RO.pdf\" target=\"_blank\" rel=\"noopener\">Memorandum de \u00cen\u021belegere<\/a> (MoU) [IO8]<\/li>\n<li><a href=\"http:\/\/dia-cvet.eu\/wp-content\/uploads\/2023\/10\/IO_08_PoPa_RO.pdf\" target=\"_blank\" rel=\"noopener\">Document de Pozi\u021bie<\/a> [IO8]<\/li>\n<li><a href=\"http:\/\/dia-cvet.eu\/wp-content\/uploads\/2023\/10\/Manual_de_Transfer.pdf\" target=\"_blank\" rel=\"noopener\">Manual de transfer<\/a> pentru asigurarea sustenabilit\u0103\u021bii \u0219i facilitarea proiectelor similare din alte sectoare sau regiuni. [IO8]<\/li>\n<\/ul>\n<p><a href=\"http:\/\/dia-cvet.eu\/wp-content\/uploads\/2021\/03\/Flyer-Web.pdf\" target=\"_blank\" rel=\"noopener\">Leaflet<\/a><\/p>\n","protected":false},"excerpt":{"rendered":"<p>Sfere de activitate pentru educa\u021bie \u0219i formare profesional\u0103 continu\u0103 \u00een produc\u021bia industrial\u0103 de \u00eenc\u0103l\u021b\u0103minte [IO1] Metodologie actualizat\u0103: Analiza sarcinilor (EN: Task Analyses &#8211; TA) pentru sistemul CVET [IO1] Evaluarea prin intermediul Analiza sarcinilor (TA) a ceea ce s-ar putea \u00eenv\u0103\u021ba \u00een sistemul CVET \u00een cadrul companiilor partenere din Rom\u00e2nia (EN \u0219i RO) [IO1] Raport comparativ (Analiza sarcinilor) [IO1] Raport comparativ&#8230; <a href=\"https:\/\/dia-cvet.eu\/ro\/results\/\">Read more &raquo;<\/a><\/p>\n","protected":false},"author":1,"featured_media":0,"parent":0,"menu_order":0,"comment_status":"closed","ping_status":"closed","template":"","meta":{"footnotes":""},"class_list":["post-427","page","type-page","status-publish","hentry"],"_links":{"self":[{"href":"https:\/\/dia-cvet.eu\/ro\/wp-json\/wp\/v2\/pages\/427","targetHints":{"allow":["GET"]}}],"collection":[{"href":"https:\/\/dia-cvet.eu\/ro\/wp-json\/wp\/v2\/pages"}],"about":[{"href":"https:\/\/dia-cvet.eu\/ro\/wp-json\/wp\/v2\/types\/page"}],"author":[{"embeddable":true,"href":"https:\/\/dia-cvet.eu\/ro\/wp-json\/wp\/v2\/users\/1"}],"replies":[{"embeddable":true,"href":"https:\/\/dia-cvet.eu\/ro\/wp-json\/wp\/v2\/comments?post=427"}],"version-history":[{"count":81,"href":"https:\/\/dia-cvet.eu\/ro\/wp-json\/wp\/v2\/pages\/427\/revisions"}],"predecessor-version":[{"id":5371,"href":"https:\/\/dia-cvet.eu\/ro\/wp-json\/wp\/v2\/pages\/427\/revisions\/5371"}],"wp:attachment":[{"href":"https:\/\/dia-cvet.eu\/ro\/wp-json\/wp\/v2\/media?parent=427"}],"curies":[{"name":"wp","href":"https:\/\/api.w.org\/{rel}","templated":true}]}}