{"id":397,"date":"2017-09-11T14:37:36","date_gmt":"2017-09-11T14:37:36","guid":{"rendered":"http:\/\/dia-cvet.eu\/?page_id=397"},"modified":"2020-10-20T12:51:29","modified_gmt":"2020-10-20T10:51:29","slug":"startseite","status":"publish","type":"page","link":"https:\/\/dia-cvet.eu\/ro\/","title":{"rendered":"Proiectul"},"content":{"rendered":"<p style=\"border-bottom: 2px solid #045FB4; padding-bottom: 12px;\">\u201c\u00cenv\u0103\u021barea prin intermediul experien\u021belor tr\u0103ite este una dintre regulile de baz\u0103 ale instruirii continue.\u201d<\/p>\n<p>\u00cen multe \u021b\u0103ri precum Rom\u00e2nia (RO) \u0219i Portugalia (PT) Educa\u021bia \u0219i Formarea Profesional\u0103 (Vocational Education and Training &#8211; VET) este considerat\u0103 o a doua alegere, o variant\u0103 educa\u021bional\u0103 pentru cei care nu au reu\u0219it s\u0103 ajung\u0103 \u00een \u00eenv\u0103\u021b\u0103m\u00e2ntul superior (Higher Education &#8211; HE). Unul dintre principalele motive ale acestei imagini destul de slabe a educa\u021biei VET este c\u0103 aceasta este adesea privit\u0103 ca o cale educa\u021bional\u0103 \u201e\u00eenchis\u0103\u201d, odat\u0103 ce ai \u00eenceput o slujb\u0103 cu \u201eguler albastru\u201d (\u201dblue collar\u201d), nu exist\u0103 sau exist\u0103 foarte pu\u021bine op\u021biuni de carier\u0103 \u00een ceea ce prive\u0219te Educa\u021bia \u0219i Formarea Profesional\u0103 Continu\u0103 (Continuous Vocational Education and Training &#8211; CVET). Astfel, ocupa\u021bii mai provocatoare, cum ar fi cele legate de departamentele de Asigurarea Calit\u0103\u021bii (Quality Assurance &#8211; QA), Design\/Proiectare sau Planificarea Produc\u021biei, sunt rezervate colegilor cu studii superioare.<\/p>\n<p>Dar chiar \u0219i \u00een \u021b\u0103rile cu tradi\u021bie \u00een programele de Formare Profesional\u0103 Continu\u0103, precum Germania (DE), unde calific\u0103rile de maistru sau tehnician sunt recunoscute la nivel na\u021bional \u0219i au o imagine foarte bun\u0103, este preferat nivelul academic. Pentru sectorul nostru (produc\u021bia industrial\u0103 de \u00eenc\u0103l\u021b\u0103minte), un indicator \u00eengrijor\u0103tor este urm\u0103torul: \u00een ultimii doi ani, perioad\u0103 c\u00e2nd a fost oferit singurul curs de maistru pentru acest domeniu, nu au aplicat suficien\u021bi candida\u021bi (doar \u0219ase la nivel na\u021bional) &#8211; \u0219i cursurile au trebuit retrase.<\/p>\n<p>Astfel, consolidarea CVET este un element crucial pentru cre\u0219terea atractivit\u0103\u021bii VET \u0219i asigurarea unui nivel ridicat de calitate. Grupurile \u021bint\u0103 sunt colegii, care au fost califica\u021bi \u00een cadrul sistemului de Educa\u021bie \u0219i Formare Profesional\u0103 Ini\u021bial\u0103 (IVET) dedicat sectorului produc\u021biei industriale de \u00eenc\u0103l\u021b\u0103minte.<\/p>\n<p>\u00cen acest scop, partenerii proiectului \u201eDezvoltarea de programe CVET inovatoare \u0219i atractive pentru produc\u021bia industrial\u0103 de \u00eenc\u0103l\u021b\u0103minte\u201d (DIA-CVET) au ales 10 sfere de activitate legate de produc\u021bia industrial\u0103 de \u00eenc\u0103l\u021b\u0103minte, cum ar fi \u201eorganizare opera\u021bional\u0103\u201d sau \u201emateriale pentru fabricarea \u00eenc\u0103l\u021b\u0103mintei\u201d, \u00een cadrul c\u0103rora munca autonom\u0103 dep\u0103\u0219e\u0219te competen\u021bele muncitorilor califica\u021bi (lu\u00e2nd \u00een considerare munca calificat\u0103 de nivel 3 sau 4 al Cadrului European al Calific\u0103rilor (EQF)). Pentru fiecare dintre aceste sfere de activitate, ne propunem dezvoltarea, pilotarea \u0219i implementarea la nivel european a unor cursuri cuprinz\u0103toare, disponibile \u00een englez\u0103 (EN), precum \u0219i \u00een DE, RO \u0219i PT. Nu ne propunem s\u0103 dezvolt\u0103m un profil CVET European unificat (ca un \u201eMaistru industrial UE\u201d), \u00eentruc\u00e2t respect\u0103m principiul subsidiarit\u0103\u021bii \u00een disciplinele educa\u021bionale \u0219i suntem con\u0219tien\u021bi de diferitele precondi\u021bii \u0219i cerin\u021be privind calific\u0103rile \u00een cele trei \u021b\u0103ri partenere, DE, PT \u0219i RO.<\/p>\n<p>Dar proiectul are \u00een plus un scop mai larg, urm\u0103re\u0219te transparen\u021ba la nivelul CVET\u00a0 \u00een sectorul \u00eenc\u0103l\u021b\u0103mintei pentru toate p\u0103r\u021bile interesate, \u00een special partenerii sociali, companiile \u0219i autorit\u0103\u021bile. Acceptarea rezultatelor \u00eenv\u0103\u021b\u0103rii (Learning Outcomes &#8211; LO) de la un alt loc de \u00eenv\u0103\u021bare, angajarea unui maistru calificat dintr-o alt\u0103 \u021bar\u0103 sau \u00eencrederea \u00een calific\u0103rile na\u021bionale existente \u00een alt\u0103 \u021bar\u0103 este o provocare continu\u0103. Consor\u021biul proiectului anterior ICSAS a dezvoltat cu succes un Cadru Sectorial al Calific\u0103rilor de nivel 2-4 pentru sectorul \u00eenc\u0103l\u021b\u0103mintei (cp. Http:\/\/icsas-project.eu\/wpcontent\/uploads\/2020\/04\/06_SQF-Table_EN.pdf). \u00cen consecin\u021b\u0103, dezvoltarea \u0219i corelarea calific\u0103rilor CVET na\u021bionale existente sau dezvoltate \u00een DE, RO \u0219i PT la un Cadru Sectorial al Calific\u0103rilor pentru nivelurile 5-7 va fi un alt obiectiv important al proiectului DIA-CVET \u0219i care, dup\u0103 finalizarea proiectului, va putea servi la corelarea noilor profile CVET din \u021b\u0103rile din afara consor\u021biului proiectului.<\/p>\n<p>\u00cen ceea ce prive\u0219te impactul pe termen lung sau sustenabilitatea, ne propunem \u00een plus s\u0103 implement\u0103m cursuri CVET duale pentru confec\u021bionerii de \u00eenc\u0103l\u021b\u0103minte industrial\u0103 \u00een sistemele VET din Rom\u00e2nia \u0219i Portugalia (a\u0219a cum s-a \u00eent\u00e2mplat cu succes cu cursurile duale IVET \u00een cadrul ICSAS) &#8211; \u0219i s\u0103 sprijinim revigorarea \u00een Germania a cursului de Maistru pentru produc\u021bia industrial\u0103.<\/p>\n<div id=\"attachment_311\" style=\"width: 1798px\" class=\"wp-caption alignnone\"><img loading=\"lazy\" decoding=\"async\" aria-describedby=\"caption-attachment-311\" class=\"wp-image-311 size-full\" src=\"http:\/\/dia-cvet.eu\/wp-content\/uploads\/2017\/11\/Band.jpg\" alt=\"\" width=\"1788\" height=\"346\" srcset=\"https:\/\/dia-cvet.eu\/wp-content\/uploads\/2017\/11\/Band.jpg 1788w, https:\/\/dia-cvet.eu\/wp-content\/uploads\/2017\/11\/Band-300x58.jpg 300w, https:\/\/dia-cvet.eu\/wp-content\/uploads\/2017\/11\/Band-768x149.jpg 768w, https:\/\/dia-cvet.eu\/wp-content\/uploads\/2017\/11\/Band-1024x198.jpg 1024w, https:\/\/dia-cvet.eu\/wp-content\/uploads\/2017\/11\/Band-624x121.jpg 624w\" sizes=\"auto, (max-width: 1788px) 100vw, 1788px\" \/><p id=\"caption-attachment-311\" class=\"wp-caption-text\"><span lang=\"ro\">Curtoazia ISC \u0219i INESCOP; Drepturi de autor ISC \u0219i INESCOP<\/span><\/p><\/div>\n","protected":false},"excerpt":{"rendered":"<p>\u201c\u00cenv\u0103\u021barea prin intermediul experien\u021belor tr\u0103ite este una dintre regulile de baz\u0103 ale instruirii continue.\u201d \u00cen multe \u021b\u0103ri precum Rom\u00e2nia (RO) \u0219i Portugalia (PT) Educa\u021bia \u0219i Formarea Profesional\u0103 (Vocational Education and Training &#8211; VET) este considerat\u0103 o a doua alegere, o variant\u0103 educa\u021bional\u0103 pentru cei care nu au reu\u0219it s\u0103 ajung\u0103 \u00een \u00eenv\u0103\u021b\u0103m\u00e2ntul superior (Higher Education &#8211; HE). Unul dintre principalele&#8230; <a href=\"https:\/\/dia-cvet.eu\/ro\/\">Read more &raquo;<\/a><\/p>\n","protected":false},"author":1,"featured_media":0,"parent":0,"menu_order":0,"comment_status":"closed","ping_status":"closed","template":"","meta":{"footnotes":""},"class_list":["post-397","page","type-page","status-publish","hentry"],"_links":{"self":[{"href":"https:\/\/dia-cvet.eu\/ro\/wp-json\/wp\/v2\/pages\/397","targetHints":{"allow":["GET"]}}],"collection":[{"href":"https:\/\/dia-cvet.eu\/ro\/wp-json\/wp\/v2\/pages"}],"about":[{"href":"https:\/\/dia-cvet.eu\/ro\/wp-json\/wp\/v2\/types\/page"}],"author":[{"embeddable":true,"href":"https:\/\/dia-cvet.eu\/ro\/wp-json\/wp\/v2\/users\/1"}],"replies":[{"embeddable":true,"href":"https:\/\/dia-cvet.eu\/ro\/wp-json\/wp\/v2\/comments?post=397"}],"version-history":[{"count":10,"href":"https:\/\/dia-cvet.eu\/ro\/wp-json\/wp\/v2\/pages\/397\/revisions"}],"predecessor-version":[{"id":3889,"href":"https:\/\/dia-cvet.eu\/ro\/wp-json\/wp\/v2\/pages\/397\/revisions\/3889"}],"wp:attachment":[{"href":"https:\/\/dia-cvet.eu\/ro\/wp-json\/wp\/v2\/media?parent=397"}],"curies":[{"name":"wp","href":"https:\/\/api.w.org\/{rel}","templated":true}]}}