{"id":1671,"date":"2022-03-29T17:00:00","date_gmt":"2022-03-29T15:00:00","guid":{"rendered":"http:\/\/dia-cvet.eu\/?page_id=1671"},"modified":"2023-09-25T19:08:28","modified_gmt":"2023-09-25T17:08:28","slug":"11-manuals-for-tutors-to-support-work-based-learning","status":"publish","type":"page","link":"https:\/\/dia-cvet.eu\/ro\/11-manuals-for-tutors-to-support-work-based-learning\/","title":{"rendered":"13 manuale destinate tutorilor"},"content":{"rendered":"<div class=\"wp-block-image\">\n<figure class=\"alignleft size-full is-resized\"><img loading=\"lazy\" decoding=\"async\" src=\"http:\/\/dia-cvet.eu\/wp-content\/uploads\/2022\/03\/Bild-IO_03.png\" alt=\"\" class=\"wp-image-4325\" style=\"width:257px;height:361px\" width=\"257\" height=\"361\"\/><\/figure>\n<\/div>\n\n\n<div class=\"wp-block-columns is-layout-flex wp-container-core-columns-is-layout-9d6595d7 wp-block-columns-is-layout-flex\">\n<div class=\"wp-block-column is-layout-flow wp-block-column-is-layout-flow\" style=\"flex-basis:100%\">\n<ul class=\"wp-block-list\">\n<li><a href=\"http:\/\/dia-cvet.eu\/wp-content\/uploads\/2023\/05\/IO_03_RO_TTM_Design_23.pdf\" target=\"_blank\" rel=\"noreferrer noopener\">DESIGN<\/a> \/ Dezvoltarea unei colec\u021bii de \u00eenc\u0103l\u021b\u0103minte<\/li>\n\n\n\n<li><a href=\"http:\/\/dia-cvet.eu\/wp-content\/uploads\/2023\/05\/IO_03_RO_TTM_PP_23.pdf\" target=\"_blank\" rel=\"noreferrer noopener\">Planificarea Produc\u021biei<\/a><\/li>\n\n\n\n<li><a href=\"http:\/\/dia-cvet.eu\/wp-content\/uploads\/2023\/05\/IO_03_RO_TTM_TD_23.pdf\" target=\"_blank\" rel=\"noreferrer noopener\">Dezvoltare Tehnologic\u0103<\/a><\/li>\n\n\n\n<li><a href=\"http:\/\/dia-cvet.eu\/wp-content\/uploads\/2023\/05\/IO_03_RO_TTM_TrainM_23.pdf\" target=\"_blank\" rel=\"noreferrer noopener\">Managementul Instruirii<\/a><\/li>\n\n\n\n<li><a href=\"http:\/\/dia-cvet.eu\/wp-content\/uploads\/2023\/05\/IO_03_RO_TTM-MM_23.pdf\" target=\"_blank\" rel=\"noreferrer noopener\">Managementul \u00centre\u021binerii<\/a><\/li>\n\n\n\n<li><a href=\"http:\/\/dia-cvet.eu\/wp-content\/uploads\/2023\/05\/IO_03_RO_TTM-QM_23.pdf\" target=\"_blank\" rel=\"noreferrer noopener\">Managementul Calit\u0103\u021bii<\/a><\/li>\n\n\n\n<li><a href=\"http:\/\/dia-cvet.eu\/wp-content\/uploads\/2023\/05\/IO_03_RO_TTM-NM_23.pdf\" target=\"_blank\" rel=\"noreferrer noopener\">Noi materiale<\/a><\/li>\n\n\n\n<li><a href=\"http:\/\/dia-cvet.eu\/wp-content\/uploads\/2023\/05\/IO_03_RO_TTM_SCM_23.pdf\" target=\"_blank\" rel=\"noreferrer noopener\">Managementul lan\u021bului de aprovizionare<\/a><\/li>\n\n\n\n<li><a href=\"http:\/\/dia-cvet.eu\/wp-content\/uploads\/2023\/05\/IO_03_RO_TTM_SR_23.pdf\" target=\"_blank\" rel=\"noreferrer noopener\">Managementul responsabilit\u0103\u021bii sociale<\/a><\/li>\n\n\n\n<li><a href=\"http:\/\/dia-cvet.eu\/wp-content\/uploads\/2023\/05\/IO_03_RO_TTM-MSM_23.pdf\" target=\"_blank\" rel=\"noreferrer noopener\">Managementul Sustenabilit\u0103\u021bii<\/a><\/li>\n\n\n\n<li><a href=\"http:\/\/dia-cvet.eu\/wp-content\/uploads\/2023\/05\/IO_03_RO_TTM_EM_23.pdf\" target=\"_blank\" rel=\"noreferrer noopener\">Managementul Mediului<\/a><\/li>\n\n\n\n<li><a href=\"http:\/\/dia-cvet.eu\/wp-content\/uploads\/2023\/05\/IO_03_RO_TTM-STEM_23.pdf\" target=\"_blank\" rel=\"noreferrer noopener\">STEM<\/a> \u00een industria \u00eenc\u0103l\u021b\u0103mintei &#8211; noi tehnologii<\/li>\n\n\n\n<li><a href=\"http:\/\/dia-cvet.eu\/wp-content\/uploads\/2023\/09\/IO_03_RO_TTM_HSM_23.pdf\" target=\"_blank\" rel=\"noreferrer noopener\">Managementul S\u0103n\u0103t\u0103\u021bii \u0219i Securit\u0103\u021bii \u00een Munc\u0103<\/a><\/li>\n<\/ul>\n<\/div>\n<\/div>\n\n\n\n<div style=\"height:27px\" aria-hidden=\"true\" class=\"wp-block-spacer\"><\/div>\n\n\n\n<p>Manualele sunt disponibile \u0219i \u00een alte limbi: <a rel=\"noreferrer noopener\" href=\"https:\/\/dia-cvet.eu\/11-manuals-for-tutors-to-support-work-based-learning\/\" target=\"_blank\">englez\u0103<\/a>, <a rel=\"noreferrer noopener\" href=\"https:\/\/dia-cvet.eu\/de\/11-manuals-fuer-tutoren-zur-unterstuetzung-der-ausbildung-im-prozess-der-arbeit\/\" target=\"_blank\">german\u0103<\/a> \u0219i <a href=\"https:\/\/dia-cvet.eu\/pt-pt\/11-manuais-para-tutores-de-apoio-a-formacao-em-contexto-de-trabalho-2\/\" target=\"_blank\" rel=\"noreferrer noopener\">portughez\u0103<\/a>.<br><\/p>\n\n\n\n<p><a rel=\"license\" href=\"http:\/\/creativecommons.org\/licenses\/by-nc-sa\/4.0\/\"><img decoding=\"async\" alt=\"Licen\u0163a Creative Commons\" style=\"border-width:0\" src=\"https:\/\/i.creativecommons.org\/l\/by-nc-sa\/4.0\/88x31.png\"><\/a><br>Aceast\u0103 oper\u0103 este pus\u0103 la dispozi\u0163ie sub <a rel=\"license\" href=\"http:\/\/creativecommons.org\/licenses\/by-nc-sa\/4.0\/\">Licen\u0163a Creative Commons Atribuire-Necomercial-Distribuire \u00een Condi\u0163ii Identice 4.0 Interna\u021bional <\/a>.<\/p>\n\n\n\n<p><\/p>\n\n\n\n<p><br><\/p>\n\n\n\n<p><br><\/p>\n","protected":false},"excerpt":{"rendered":"<p>Manualele sunt disponibile \u0219i \u00een alte limbi: englez\u0103, german\u0103 \u0219i portughez\u0103. Aceast\u0103 oper\u0103 este pus\u0103 la dispozi\u0163ie sub Licen\u0163a Creative Commons Atribuire-Necomercial-Distribuire \u00een Condi\u0163ii Identice 4.0 Interna\u021bional .<\/p>\n","protected":false},"author":1,"featured_media":0,"parent":0,"menu_order":0,"comment_status":"closed","ping_status":"closed","template":"","meta":{"footnotes":""},"class_list":["post-1671","page","type-page","status-publish","hentry"],"_links":{"self":[{"href":"https:\/\/dia-cvet.eu\/ro\/wp-json\/wp\/v2\/pages\/1671","targetHints":{"allow":["GET"]}}],"collection":[{"href":"https:\/\/dia-cvet.eu\/ro\/wp-json\/wp\/v2\/pages"}],"about":[{"href":"https:\/\/dia-cvet.eu\/ro\/wp-json\/wp\/v2\/types\/page"}],"author":[{"embeddable":true,"href":"https:\/\/dia-cvet.eu\/ro\/wp-json\/wp\/v2\/users\/1"}],"replies":[{"embeddable":true,"href":"https:\/\/dia-cvet.eu\/ro\/wp-json\/wp\/v2\/comments?post=1671"}],"version-history":[{"count":41,"href":"https:\/\/dia-cvet.eu\/ro\/wp-json\/wp\/v2\/pages\/1671\/revisions"}],"predecessor-version":[{"id":5265,"href":"https:\/\/dia-cvet.eu\/ro\/wp-json\/wp\/v2\/pages\/1671\/revisions\/5265"}],"wp:attachment":[{"href":"https:\/\/dia-cvet.eu\/ro\/wp-json\/wp\/v2\/media?parent=1671"}],"curies":[{"name":"wp","href":"https:\/\/api.w.org\/{rel}","templated":true}]}}