{"id":917,"date":"2018-02-27T09:45:24","date_gmt":"2018-02-27T09:45:24","guid":{"rendered":"http:\/\/dia-cvet.eu\/?page_id=917"},"modified":"2023-10-10T16:15:22","modified_gmt":"2023-10-10T14:15:22","slug":"eventos-multiplicadores","status":"publish","type":"page","link":"https:\/\/dia-cvet.eu\/pt-pt\/eventos-multiplicadores\/","title":{"rendered":"Eventos multiplicadores"},"content":{"rendered":"\n<div class=\"wp-block-group is-vertical is-layout-flex wp-container-core-group-is-layout-8cf370e7 wp-block-group-is-layout-flex\">\n<hr class=\"wp-block-separator has-alpha-channel-opacity\"\/>\n\n\n\n<p>Alemanha: Quinta-feira, 29 de junho de 2023<\/p>\n\n\n\n<div class=\"wp-block-group\"><div class=\"wp-block-group__inner-container is-layout-constrained wp-block-group-is-layout-constrained\"><div class=\"wp-block-image\">\n<figure class=\"alignleft is-resized\"><a href=\"https:\/\/isc-germany.com\/news-detail\/news\/diacvet-webinar\/?tx_news_pi1%5Bcontroller%5D=News&amp;tx_news_pi1%5Baction%5D=detail&amp;cHash=28c6791ae09094097a5e86460e3b51a7\" target=\"_blank\" rel=\"noreferrer noopener\"><img loading=\"lazy\" decoding=\"async\" src=\"http:\/\/dia-cvet.eu\/wp-content\/uploads\/2023\/08\/Unbenannt-1.gif\" alt=\"\" style=\"width:402px;height:541px\" width=\"402\" height=\"541\"\/><\/a><\/figure>\n<\/div><\/div><\/div>\n<\/div>\n\n\n\n<p>Portugal: sexta-feira, 14 de julho de 2023<\/p>\n\n\n\n<figure class=\"wp-block-image size-large is-resized\"><img loading=\"lazy\" decoding=\"async\" src=\"http:\/\/dia-cvet.eu\/wp-content\/uploads\/2023\/10\/20230714_103110441_iOS-1-1024x772.jpg\" alt=\"\" class=\"wp-image-5301\" style=\"width:405px;height:305px\" width=\"405\" height=\"305\" srcset=\"https:\/\/dia-cvet.eu\/wp-content\/uploads\/2023\/10\/20230714_103110441_iOS-1-1024x772.jpg 1024w, https:\/\/dia-cvet.eu\/wp-content\/uploads\/2023\/10\/20230714_103110441_iOS-1-300x226.jpg 300w, https:\/\/dia-cvet.eu\/wp-content\/uploads\/2023\/10\/20230714_103110441_iOS-1-768x579.jpg 768w, https:\/\/dia-cvet.eu\/wp-content\/uploads\/2023\/10\/20230714_103110441_iOS-1-624x471.jpg 624w, https:\/\/dia-cvet.eu\/wp-content\/uploads\/2023\/10\/20230714_103110441_iOS-1.jpg 1440w\" sizes=\"auto, (max-width: 405px) 100vw, 405px\" \/><\/figure>\n\n\n\n<p>Rom\u00eania: sexta-feira, 31 de mar\u00e7o de 2023, hor\u00e1rio 11:00 [<a rel=\"noreferrer noopener\" href=\"http:\/\/dia-cvet.eu\/wp-content\/uploads\/2023\/05\/DIA-CVET_ME_RO_Agenda.pdf\" target=\"_blank\">Agenda<\/a>]<br><img loading=\"lazy\" decoding=\"async\" src=\"http:\/\/dia-cvet.eu\/wp-content\/uploads\/2023\/05\/DIA-CVET_ME_RO_Photos-7-300x225.jpg\" alt=\"\" width=\"401\" height=\"301\"><\/p>\n","protected":false},"excerpt":{"rendered":"<p>Alemanha: Quinta-feira, 29 de junho de 2023 Portugal: sexta-feira, 14 de julho de 2023 Rom\u00eania: sexta-feira, 31 de mar\u00e7o de 2023, hor\u00e1rio 11:00 [Agenda]<\/p>\n","protected":false},"author":1,"featured_media":0,"parent":0,"menu_order":0,"comment_status":"closed","ping_status":"closed","template":"","meta":{"footnotes":""},"class_list":["post-917","page","type-page","status-publish","hentry"],"_links":{"self":[{"href":"https:\/\/dia-cvet.eu\/pt-pt\/wp-json\/wp\/v2\/pages\/917","targetHints":{"allow":["GET"]}}],"collection":[{"href":"https:\/\/dia-cvet.eu\/pt-pt\/wp-json\/wp\/v2\/pages"}],"about":[{"href":"https:\/\/dia-cvet.eu\/pt-pt\/wp-json\/wp\/v2\/types\/page"}],"author":[{"embeddable":true,"href":"https:\/\/dia-cvet.eu\/pt-pt\/wp-json\/wp\/v2\/users\/1"}],"replies":[{"embeddable":true,"href":"https:\/\/dia-cvet.eu\/pt-pt\/wp-json\/wp\/v2\/comments?post=917"}],"version-history":[{"count":14,"href":"https:\/\/dia-cvet.eu\/pt-pt\/wp-json\/wp\/v2\/pages\/917\/revisions"}],"predecessor-version":[{"id":5303,"href":"https:\/\/dia-cvet.eu\/pt-pt\/wp-json\/wp\/v2\/pages\/917\/revisions\/5303"}],"wp:attachment":[{"href":"https:\/\/dia-cvet.eu\/pt-pt\/wp-json\/wp\/v2\/media?parent=917"}],"curies":[{"name":"wp","href":"https:\/\/api.w.org\/{rel}","templated":true}]}}