{"id":598,"date":"2017-10-08T18:24:06","date_gmt":"2017-10-08T18:24:06","guid":{"rendered":"http:\/\/dia-cvet.eu\/?page_id=598"},"modified":"2023-08-28T12:18:01","modified_gmt":"2023-08-28T10:18:01","slug":"partner","status":"publish","type":"page","link":"https:\/\/dia-cvet.eu\/pt-pt\/partner\/","title":{"rendered":"Parceiros"},"content":{"rendered":"<p><a href=\"https:\/\/www.uni-bremen.de\/\" target=\"_blank\" rel=\"noopener\"><img loading=\"lazy\" decoding=\"async\" class=\"alignnone wp-image-5222\" src=\"http:\/\/dia-cvet.eu\/wp-content\/uploads\/2023\/08\/UHB_Logo_4c-KLEIN.jpg\" alt=\"\" width=\"203\" height=\"73\" \/><\/a><\/p>\n<p><a href=\"https:\/\/www.itb.uni-bremen.de\/ccm\/navigation\/index.de\" target=\"_blank\" rel=\"noopener noreferrer\"><img loading=\"lazy\" decoding=\"async\" class=\"alignnone wp-image-205\" src=\"http:\/\/dia-cvet.eu\/wp-content\/uploads\/2017\/10\/ITB_Logo.jpg\" alt=\"\" width=\"209\" height=\"46\" srcset=\"https:\/\/dia-cvet.eu\/wp-content\/uploads\/2017\/10\/ITB_Logo.jpg 957w, https:\/\/dia-cvet.eu\/wp-content\/uploads\/2017\/10\/ITB_Logo-300x66.jpg 300w, https:\/\/dia-cvet.eu\/wp-content\/uploads\/2017\/10\/ITB_Logo-768x169.jpg 768w, https:\/\/dia-cvet.eu\/wp-content\/uploads\/2017\/10\/ITB_Logo-624x138.jpg 624w\" sizes=\"auto, (max-width: 209px) 100vw, 209px\" \/><\/a><br \/>\nInstitute Technology and Education (ITB), DE<br \/>\nUniversit\u00e4t Bremen<br \/>\nAm Fallturm 1<br \/>\n28359 Bremen<br \/>\n<a href=\"http:\/\/www.itb.uni-bremen.de\/\" target=\"_blank\" rel=\"noopener noreferrer\">www.itb.uni-bremen.de\/<\/a><\/p>\n<p><a href=\"https:\/\/www.pfi-germany.de\/start\/\" target=\"_blank\" rel=\"noopener noreferrer\"><img loading=\"lazy\" decoding=\"async\" class=\"alignnone wp-image-3942\" src=\"http:\/\/dia-cvet.eu\/wp-content\/uploads\/2020\/12\/PFI-Logo-300x109.jpg\" alt=\"\" width=\"219\" height=\"80\" srcset=\"https:\/\/dia-cvet.eu\/wp-content\/uploads\/2020\/12\/PFI-Logo-300x109.jpg 300w, https:\/\/dia-cvet.eu\/wp-content\/uploads\/2020\/12\/PFI-Logo.jpg 329w\" sizes=\"auto, (max-width: 219px) 100vw, 219px\" \/><\/a><br \/>\nPr\u00fcf- und Forschungsinstitut Pirmasens e. V., DE<br \/>\nPFI Germany<br \/>\nMarie-Curie-Stra\u00dfe 19<br \/>\n66953 Pirmasens \/ Germany<br \/>\n<a href=\"http:\/\/www.pfi-germany.com\/start.html\" target=\"_blank\" rel=\"noopener noreferrer\">www.pfi-germany.com<\/a><\/p>\n<p><a href=\"http:\/\/www.ctcp.pt\/\" target=\"_blank\" rel=\"noopener noreferrer\"><img loading=\"lazy\" decoding=\"async\" class=\"alignnone wp-image-199\" src=\"http:\/\/dia-cvet.eu\/wp-content\/uploads\/2017\/10\/ctcp_Logo.jpg\" alt=\"\" width=\"209\" height=\"59\" srcset=\"https:\/\/dia-cvet.eu\/wp-content\/uploads\/2017\/10\/ctcp_Logo.jpg 1093w, https:\/\/dia-cvet.eu\/wp-content\/uploads\/2017\/10\/ctcp_Logo-300x85.jpg 300w, https:\/\/dia-cvet.eu\/wp-content\/uploads\/2017\/10\/ctcp_Logo-768x218.jpg 768w, https:\/\/dia-cvet.eu\/wp-content\/uploads\/2017\/10\/ctcp_Logo-1024x290.jpg 1024w, https:\/\/dia-cvet.eu\/wp-content\/uploads\/2017\/10\/ctcp_Logo-624x177.jpg 624w\" sizes=\"auto, (max-width: 209px) 100vw, 209px\" \/><\/a><br \/>\nCentro Tecnol\u00f3gico do Cal\u00e7ado de Portugal (CTCP), PT<br \/>\nRua de Fund\u00f5es &#8211; Devesa Velha<br \/>\n3700-121 S. Jo\u00e3o da Madeira<br \/>\n<a class=\"linknormal\" href=\"http:\/\/www.ctcp.pt\/\" target=\"_blank\" rel=\"noopener noreferrer\">www.ctcp.pt<\/a><\/p>\n<p><a href=\"http:\/\/www.carite.pt\/pt\/\" target=\"_blank\" rel=\"noopener noreferrer\"><img loading=\"lazy\" decoding=\"async\" class=\"alignnone wp-image-197\" src=\"http:\/\/dia-cvet.eu\/wp-content\/uploads\/2017\/10\/Carite_Logo.jpg\" alt=\"\" width=\"160\" height=\"105\" \/><\/a><br \/>\nCarit\u00e9 Cal\u00e7ados Lda, PT<br \/>\nRua Nicolau Coelho n\u00ba2729<br \/>\nSendim<br \/>\n4610-909 Felgueiras<br \/>\nPortugal<br \/>\n<a href=\"http:\/\/www.carite.pt\/pt\/\" target=\"_blank\" rel=\"noopener noreferrer\">www.carite.pt<\/a><\/p>\n<p><a href=\"http:\/\/www.cfpic.pt\/index.php\" target=\"_blank\" rel=\"noopener noreferrer\"><img loading=\"lazy\" decoding=\"async\" class=\"alignnone wp-image-198\" src=\"http:\/\/dia-cvet.eu\/wp-content\/uploads\/2017\/10\/CFPIC_Logo.jpg\" alt=\"\" width=\"209\" height=\"68\" srcset=\"https:\/\/dia-cvet.eu\/wp-content\/uploads\/2017\/10\/CFPIC_Logo.jpg 1105w, https:\/\/dia-cvet.eu\/wp-content\/uploads\/2017\/10\/CFPIC_Logo-300x98.jpg 300w, https:\/\/dia-cvet.eu\/wp-content\/uploads\/2017\/10\/CFPIC_Logo-768x251.jpg 768w, https:\/\/dia-cvet.eu\/wp-content\/uploads\/2017\/10\/CFPIC_Logo-1024x335.jpg 1024w, https:\/\/dia-cvet.eu\/wp-content\/uploads\/2017\/10\/CFPIC_Logo-624x204.jpg 624w\" sizes=\"auto, (max-width: 209px) 100vw, 209px\" \/><\/a><br \/>\nCentro de Forma\u00e7\u00e3o Profissional da Ind\u00fastria de Cal\u00e7ado (CFPIC), PT<br \/>\nRuai Visconde, 990<br \/>\n3700-990 S\u00e3o Jo\u00e3o da Madeira<br \/>\nPortugal<br \/>\n<a href=\"http:\/\/www.cfpic.pt\/\" target=\"_blank\" rel=\"noopener noreferrer\">www.cfpic.pt\/<\/a><\/p>\n<p><a href=\"http:\/\/www.tuiasi.ro\/\" target=\"_blank\" rel=\"noopener noreferrer\"><img loading=\"lazy\" decoding=\"async\" class=\"alignnone wp-image-196\" src=\"http:\/\/dia-cvet.eu\/wp-content\/uploads\/2017\/10\/uti_Logo-1.jpg\" alt=\"\" width=\"100\" height=\"135\" srcset=\"https:\/\/dia-cvet.eu\/wp-content\/uploads\/2017\/10\/uti_Logo-1.jpg 500w, https:\/\/dia-cvet.eu\/wp-content\/uploads\/2017\/10\/uti_Logo-1-222x300.jpg 222w\" sizes=\"auto, (max-width: 100px) 100vw, 100px\" \/><\/a><br \/>\nUniversitatea Tehnic\u0103 Gheorghe Asachi din Ia\u015fi, RO<br \/>\nBulevardul Profesor Dimitrie Mangeron 67<br \/>\nIa\u0219i 700050<br \/>\nRomania<br \/>\n<a href=\"http:\/\/www.tuiasi.ro\/\" target=\"_blank\" rel=\"noopener noreferrer\">www.tuiasi.ro\/<\/a><\/p>\n<p><a href=\"http:\/\/www.papucei.eu\/\" target=\"_blank\" rel=\"noopener noreferrer\"><img loading=\"lazy\" decoding=\"async\" class=\"alignnone wp-image-206\" src=\"http:\/\/dia-cvet.eu\/wp-content\/uploads\/2017\/10\/Papucei_Logo.jpg\" alt=\"\" width=\"100\" height=\"101\" srcset=\"https:\/\/dia-cvet.eu\/wp-content\/uploads\/2017\/10\/Papucei_Logo.jpg 957w, https:\/\/dia-cvet.eu\/wp-content\/uploads\/2017\/10\/Papucei_Logo-150x150.jpg 150w, https:\/\/dia-cvet.eu\/wp-content\/uploads\/2017\/10\/Papucei_Logo-296x300.jpg 296w, https:\/\/dia-cvet.eu\/wp-content\/uploads\/2017\/10\/Papucei_Logo-768x778.jpg 768w, https:\/\/dia-cvet.eu\/wp-content\/uploads\/2017\/10\/Papucei_Logo-624x632.jpg 624w, https:\/\/dia-cvet.eu\/wp-content\/uploads\/2017\/10\/Papucei_Logo-176x176.jpg 176w, https:\/\/dia-cvet.eu\/wp-content\/uploads\/2017\/10\/Papucei_Logo-60x60.jpg 60w\" sizes=\"auto, (max-width: 100px) 100vw, 100px\" \/><\/a><br \/>\nPapucei, Angela International, RO<br \/>\nSc Angela International Srl<br \/>\nCalea Chisinaului, nr. 2 bis<br \/>\n700264 Iasi<br \/>\nRomania<br \/>\n<a href=\"http:\/\/www.papucei.eu\/\" target=\"_blank\" rel=\"noopener noreferrer\">www.papucei.eu\/<\/a><\/p>\n","protected":false},"excerpt":{"rendered":"<p>Institute Technology and Education (ITB), DE Universit\u00e4t Bremen Am Fallturm 1 28359 Bremen www.itb.uni-bremen.de\/ Pr\u00fcf- und Forschungsinstitut Pirmasens e. V., DE PFI Germany Marie-Curie-Stra\u00dfe 19 66953 Pirmasens \/ Germany www.pfi-germany.com Centro Tecnol\u00f3gico do Cal\u00e7ado de Portugal (CTCP), PT Rua de Fund\u00f5es &#8211; Devesa Velha 3700-121 S. Jo\u00e3o da Madeira www.ctcp.pt Carit\u00e9 Cal\u00e7ados Lda, PT Rua Nicolau Coelho n\u00ba2729 Sendim 4610-909&#8230; <a href=\"https:\/\/dia-cvet.eu\/pt-pt\/partner\/\">Read more &raquo;<\/a><\/p>\n","protected":false},"author":1,"featured_media":0,"parent":0,"menu_order":0,"comment_status":"closed","ping_status":"closed","template":"","meta":{"footnotes":""},"class_list":["post-598","page","type-page","status-publish","hentry"],"_links":{"self":[{"href":"https:\/\/dia-cvet.eu\/pt-pt\/wp-json\/wp\/v2\/pages\/598","targetHints":{"allow":["GET"]}}],"collection":[{"href":"https:\/\/dia-cvet.eu\/pt-pt\/wp-json\/wp\/v2\/pages"}],"about":[{"href":"https:\/\/dia-cvet.eu\/pt-pt\/wp-json\/wp\/v2\/types\/page"}],"author":[{"embeddable":true,"href":"https:\/\/dia-cvet.eu\/pt-pt\/wp-json\/wp\/v2\/users\/1"}],"replies":[{"embeddable":true,"href":"https:\/\/dia-cvet.eu\/pt-pt\/wp-json\/wp\/v2\/comments?post=598"}],"version-history":[{"count":5,"href":"https:\/\/dia-cvet.eu\/pt-pt\/wp-json\/wp\/v2\/pages\/598\/revisions"}],"predecessor-version":[{"id":5225,"href":"https:\/\/dia-cvet.eu\/pt-pt\/wp-json\/wp\/v2\/pages\/598\/revisions\/5225"}],"wp:attachment":[{"href":"https:\/\/dia-cvet.eu\/pt-pt\/wp-json\/wp\/v2\/media?parent=598"}],"curies":[{"name":"wp","href":"https:\/\/api.w.org\/{rel}","templated":true}]}}