{"id":543,"date":"2018-02-19T18:19:02","date_gmt":"2018-02-19T18:19:02","guid":{"rendered":"http:\/\/dia-cvet.eu\/?page_id=543"},"modified":"2023-09-25T19:25:32","modified_gmt":"2023-09-25T17:25:32","slug":"diacvet-em-conferencias-workshops-ou-feiras","status":"publish","type":"page","link":"https:\/\/dia-cvet.eu\/pt-pt\/diacvet-em-conferencias-workshops-ou-feiras\/","title":{"rendered":"DIA-CVET em confer\u00eancias, workshops ou feiras"},"content":{"rendered":"\n<div class=\"wp-block-columns is-layout-flex wp-container-core-columns-is-layout-9d6595d7 wp-block-columns-is-layout-flex\">\n<div class=\"wp-block-column is-layout-flow wp-block-column-is-layout-flow\" style=\"flex-basis:33.33%\">\n<figure class=\"wp-block-image size-full\"><img loading=\"lazy\" decoding=\"async\" width=\"478\" height=\"478\" src=\"https:\/\/dia-cvet.eu\/wp-content\/uploads\/2023\/05\/university-4200950_960_720-3-edited.jpg\" alt=\"\" class=\"wp-image-5055\" srcset=\"https:\/\/dia-cvet.eu\/wp-content\/uploads\/2023\/05\/university-4200950_960_720-3-edited.jpg 478w, https:\/\/dia-cvet.eu\/wp-content\/uploads\/2023\/05\/university-4200950_960_720-3-edited-300x300.jpg 300w, https:\/\/dia-cvet.eu\/wp-content\/uploads\/2023\/05\/university-4200950_960_720-3-edited-150x150.jpg 150w, https:\/\/dia-cvet.eu\/wp-content\/uploads\/2023\/05\/university-4200950_960_720-3-edited-176x176.jpg 176w, https:\/\/dia-cvet.eu\/wp-content\/uploads\/2023\/05\/university-4200950_960_720-3-edited-60x60.jpg 60w\" sizes=\"auto, (max-width: 478px) 100vw, 478px\" \/><\/figure>\n<\/div>\n\n\n\n<div class=\"wp-block-column is-layout-flow wp-block-column-is-layout-flow\" style=\"flex-basis:66.66%\">\n<p><strong><a rel=\"noreferrer noopener\" href=\"https:\/\/eera-ecer.de\/ecer-2023-glasgow\" target=\"_blank\">ECER 2023<\/a><\/strong><br>Em Glasgow, de 22 a 25 de agosto de 2023<\/p>\n\n\n\n<p><a href=\"http:\/\/dia-cvet.eu\/wp-content\/uploads\/2023\/08\/DIA-CVET_Glasgow.pptx\" target=\"_blank\" rel=\"noreferrer noopener\">Apresenta\u00e7\u00e3o<\/a><\/p>\n<\/div>\n<\/div>\n\n\n\n<hr class=\"wp-block-separator has-alpha-channel-opacity\"\/>\n\n\n\n<div class=\"wp-block-columns is-layout-flex wp-container-core-columns-is-layout-9d6595d7 wp-block-columns-is-layout-flex\">\n<div class=\"wp-block-column is-layout-flow wp-block-column-is-layout-flow\" style=\"flex-basis:33.33%\">\n<figure class=\"wp-block-image size-full\"><a href=\"https:\/\/www.vdu.lt\/en\/\" target=\"_blank\" rel=\"noreferrer noopener\"><img loading=\"lazy\" decoding=\"async\" width=\"295\" height=\"128\" src=\"https:\/\/dia-cvet.eu\/wp-content\/uploads\/2023\/01\/logo_en-1.png\" alt=\"\" class=\"wp-image-4970\"\/><\/a><\/figure>\n<\/div>\n\n\n\n<div class=\"wp-block-column is-layout-flow wp-block-column-is-layout-flow\" style=\"flex-basis:66.66%\">\n<p>DIA-CVET na <strong><a rel=\"noreferrer noopener\" href=\"https:\/\/vetnetsite.org\/conferences\/2023-crossing-boundaries-kaunas\/\" target=\"_blank\">crossing boundaries conference<\/a> <\/strong><br>25 a 26 de maio de 2023, Vytautas Magnus University, Kaunas, Litu\u00e2nia <br><a rel=\"noreferrer noopener\" href=\"http:\/\/dia-cvet.eu\/wp-content\/uploads\/2023\/01\/23-Kaunas-cb-DIA-CVET_15.11.pdf\" target=\"_blank\">Paper<\/a><\/p>\n<\/div>\n<\/div>\n\n\n<hr>\n\n\n<div class=\"wp-block-columns is-layout-flex wp-container-core-columns-is-layout-9d6595d7 wp-block-columns-is-layout-flex\">\n<div class=\"wp-block-column is-layout-flow wp-block-column-is-layout-flow\" style=\"flex-basis:33.33%\">\n<figure class=\"wp-block-image size-large\"><img loading=\"lazy\" decoding=\"async\" width=\"1024\" height=\"683\" src=\"http:\/\/dia-cvet.eu\/wp-content\/uploads\/2022\/02\/ECER-2022-Yerevan-1024x683.jpg\" alt=\"\" class=\"wp-image-4271\" srcset=\"https:\/\/dia-cvet.eu\/wp-content\/uploads\/2022\/02\/ECER-2022-Yerevan-1024x683.jpg 1024w, https:\/\/dia-cvet.eu\/wp-content\/uploads\/2022\/02\/ECER-2022-Yerevan-300x200.jpg 300w, https:\/\/dia-cvet.eu\/wp-content\/uploads\/2022\/02\/ECER-2022-Yerevan-768x513.jpg 768w, https:\/\/dia-cvet.eu\/wp-content\/uploads\/2022\/02\/ECER-2022-Yerevan-624x417.jpg 624w, https:\/\/dia-cvet.eu\/wp-content\/uploads\/2022\/02\/ECER-2022-Yerevan.jpg 1230w\" sizes=\"auto, (max-width: 1024px) 100vw, 1024px\" \/><\/figure>\n<\/div>\n\n\n\n<div class=\"wp-block-column is-layout-flow wp-block-column-is-layout-flow\" style=\"flex-basis:66.66%\">\n<p><a rel=\"noreferrer noopener\" href=\"https:\/\/eera-ecer.de\/ecer-2022-yerevan\/\" target=\"_blank\"><strong>ECER 2022<\/strong><\/a><br>En Yerevan, de 23 a 26 de agosto de 2022<br><a rel=\"noreferrer noopener\" href=\"http:\/\/dia-cvet.eu\/wp-content\/uploads\/2022\/02\/DIA_CVET_ECER_2022_f.pdf\" target=\"_blank\">Paper<\/a> e <a rel=\"noreferrer noopener\" href=\"http:\/\/dia-cvet.eu\/wp-content\/uploads\/2022\/11\/slides_DIA_CVET_yervan.pdf\" target=\"_blank\">Slides<\/a><\/p>\n<\/div>\n<\/div>\n\n\n\n<div class=\"wp-block-columns is-layout-flex wp-container-core-columns-is-layout-9d6595d7 wp-block-columns-is-layout-flex\">\n<div class=\"wp-block-column is-layout-flow wp-block-column-is-layout-flow\" style=\"flex-basis:33.33%\"><\/div>\n\n\n\n<div class=\"wp-block-column is-layout-flow wp-block-column-is-layout-flow\" style=\"flex-basis:66.66%\"><\/div>\n<\/div>\n\n\n\n<p><\/p>\n","protected":false},"excerpt":{"rendered":"<p>ECER 2023Em Glasgow, de 22 a 25 de agosto de 2023 Apresenta\u00e7\u00e3o DIA-CVET na crossing boundaries conference 25 a 26 de maio de 2023, Vytautas Magnus University, Kaunas, Litu\u00e2nia Paper ECER 2022En Yerevan, de 23 a 26 de agosto de 2022Paper e Slides<\/p>\n","protected":false},"author":1,"featured_media":0,"parent":0,"menu_order":0,"comment_status":"closed","ping_status":"closed","template":"","meta":{"footnotes":""},"class_list":["post-543","page","type-page","status-publish","hentry"],"_links":{"self":[{"href":"https:\/\/dia-cvet.eu\/pt-pt\/wp-json\/wp\/v2\/pages\/543","targetHints":{"allow":["GET"]}}],"collection":[{"href":"https:\/\/dia-cvet.eu\/pt-pt\/wp-json\/wp\/v2\/pages"}],"about":[{"href":"https:\/\/dia-cvet.eu\/pt-pt\/wp-json\/wp\/v2\/types\/page"}],"author":[{"embeddable":true,"href":"https:\/\/dia-cvet.eu\/pt-pt\/wp-json\/wp\/v2\/users\/1"}],"replies":[{"embeddable":true,"href":"https:\/\/dia-cvet.eu\/pt-pt\/wp-json\/wp\/v2\/comments?post=543"}],"version-history":[{"count":35,"href":"https:\/\/dia-cvet.eu\/pt-pt\/wp-json\/wp\/v2\/pages\/543\/revisions"}],"predecessor-version":[{"id":5282,"href":"https:\/\/dia-cvet.eu\/pt-pt\/wp-json\/wp\/v2\/pages\/543\/revisions\/5282"}],"wp:attachment":[{"href":"https:\/\/dia-cvet.eu\/pt-pt\/wp-json\/wp\/v2\/media?parent=543"}],"curies":[{"name":"wp","href":"https:\/\/api.w.org\/{rel}","templated":true}]}}