{"id":424,"date":"2020-10-17T17:00:00","date_gmt":"2020-10-17T17:00:00","guid":{"rendered":"http:\/\/dia-cvet.eu\/?page_id=424"},"modified":"2023-10-30T12:17:04","modified_gmt":"2023-10-30T11:17:04","slug":"results","status":"publish","type":"page","link":"https:\/\/dia-cvet.eu\/pt-pt\/results\/","title":{"rendered":"Resultados"},"content":{"rendered":"<ul>\n<li><a href=\"http:\/\/dia-cvet.eu\/wp-content\/uploads\/2022\/02\/IO-01_PT.pdf\" target=\"_blank\" rel=\"noopener\">Esferas de atividade da forma\u00e7\u00e3o<\/a> profissional cont\u00ednua qualificada em produ\u00e7\u00e3o industrial de cal\u00e7ado [IO1]<\/li>\n<li>Metodologia atualizada:<a href=\"http:\/\/dia-cvet.eu\/wp-content\/uploads\/2022\/10\/IO_01_TA-Manual_PT.pdf\" target=\"_blank\" rel=\"noopener\"> An\u00e1lise das atividades<\/a> (TA) na CVET [IO1]<\/li>\n<li>An\u00e1lise do que pode ser aprendido, realizada nas instala\u00e7\u00f5es das empresas participantes, por meio de An\u00e1lise das atividades (TA) na CVET na Portugal (<a href=\"http:\/\/dia-cvet.eu\/wp-content\/uploads\/2022\/03\/IO_01_TA_PT_EN.pdf\" target=\"_blank\" rel=\"noopener\">EN<\/a> e <a href=\"http:\/\/dia-cvet.eu\/wp-content\/uploads\/2022\/03\/IO_01_TA_PT_PT.pdf\" target=\"_blank\" rel=\"noopener\">PT<\/a>) [IO1]<\/li>\n<li><a href=\"http:\/\/dia-cvet.eu\/wp-content\/uploads\/2022\/05\/IO_01_Comp-Design_PT.pdf\" target=\"_blank\" rel=\"noopener\">Relat\u00f3rio comparativo<\/a> (An\u00e1lise das atividades) [IO1]<\/li>\n<li><a href=\"http:\/\/dia-cvet.eu\/wp-content\/uploads\/2023\/03\/IO_02_ALL_PT.pdf\" target=\"_blank\" rel=\"noopener\">Relat\u00f3rio comparativo<\/a> sobre Reconhecimento de Aprendizagens Adquiridas e Recomenda\u00e7\u00f5es para DIA-CVET [IO2]<\/li>\n<li><a href=\"http:\/\/dia-cvet.eu\/wp-content\/uploads\/2022\/02\/IO-03_PT.pdf\" target=\"_blank\" rel=\"noopener\">Op\u00e7\u00f5es de design did\u00e1tico<\/a> para utilizar o potencial de aprendizagem da aprendizagem baseada no trabalho na CVET [IO3]<\/li>\n<li><a href=\"https:\/\/dia-cvet.eu\/pt-pt\/11-manuais-para-tutores-de-apoio-a-formacao-em-contexto-de-trabalho-2\/\" target=\"_blank\" rel=\"noopener\">Manuais<\/a> para tutores para apoiar a CVET [IO3]<\/li>\n<li>Curr\u00edculos confirmados para a aprendizagem baseada no trabalho na Portugal (vers\u00f5es lingu\u00edsticas: <a href=\"http:\/\/dia-cvet.eu\/wp-content\/uploads\/2023\/01\/IO4_Curriculum_PT-EN.pdf\" target=\"_blank\" rel=\"noopener\">EN<\/a> e <a href=\"http:\/\/dia-cvet.eu\/wp-content\/uploads\/2023\/01\/IO4_Curriculum_PT-PT.pdf\" target=\"_blank\" rel=\"noopener\">PT<\/a>) [IO4]<\/li>\n<li><a href=\"http:\/\/dia-cvet.eu\/wp-content\/uploads\/2022\/07\/IO_05_Quality-Guidelines_PT.pdf\" target=\"_blank\" rel=\"noopener\">Diretrizes para a garantia da qualidade<\/a> na CVET na ind\u00fastria do cal\u00e7ado. [IO5]<\/li>\n<li><a href=\"http:\/\/dia-cvet.eu\/wp-content\/uploads\/2023\/02\/QA_IO5-Quest_DIA-CVET_PT.pdf\" target=\"_blank\" rel=\"noopener\">Question\u00e1rio de Garantia da Qualidade<\/a> para avalia\u00e7\u00e3o formativa [IO5]<\/li>\n<li>Boa pr\u00e1tica aparente: Experi\u00eancias e SWOT da a\u00e7\u00e3o piloto CVET na Alemanha. (<a href=\"http:\/\/dia-cvet.eu\/wp-content\/uploads\/2023\/10\/DIA-CVET_Video-PFI-DE-EN.mp4\" target=\"_blank\" rel=\"noopener\">DE\/EN<\/a>) [IO6]<\/li>\n<li>Boa pr\u00e1tica aparente: Experi\u00eancias e SWOT da a\u00e7\u00e3o piloto CVET em Portugal. (<a href=\"http:\/\/dia-cvet.eu\/wp-content\/uploads\/2023\/10\/IO6_Pilot-Experience_PT.mp4\" target=\"_blank\" rel=\"noopener\">PT\/EN<\/a>) [IO6]<\/li>\n<li>Boa pr\u00e1tica aparente: Experi\u00eancias e SWOT da a\u00e7\u00e3o piloto CVET na Rom\u00e9nia. (<a href=\"http:\/\/dia-cvet.eu\/wp-content\/uploads\/2023\/10\/Dia-CVET_Video_RO.mp4\" target=\"_blank\" rel=\"noopener\">RO\/EN<\/a>) [IO6]<\/li>\n<li><a href=\"http:\/\/dia-cvet.eu\/wp-content\/uploads\/2023\/10\/07_SQF_PT_final-1.pdf\" target=\"_blank\" rel=\"noopener\">Quadro de Qualifica\u00e7\u00e3o Setorial<\/a> (SQF) n\u00edvel 5-7 para a produ\u00e7\u00e3o industrial de cal\u00e7ado. (esquema) [IO7]<\/li>\n<li><a href=\"http:\/\/dia-cvet.eu\/wp-content\/uploads\/2023\/10\/IO_08_MoU_PT.pdf\" target=\"_blank\" rel=\"noopener\">Memorando de Entendimento<\/a> (MoU) [IO8]<\/li>\n<li><a href=\"http:\/\/dia-cvet.eu\/wp-content\/uploads\/2023\/10\/IO_08_PoPa_PT.pdf\" target=\"_blank\" rel=\"noopener\">Documento de refer\u00eancia<\/a> [IO8]<\/li>\n<li><a href=\"http:\/\/dia-cvet.eu\/wp-content\/uploads\/2023\/10\/Manual_De_Transferencia.pdf\" target=\"_blank\" rel=\"noopener\">Manual de Transfer\u00eancia<\/a> para garantir a sustentabilidade e facilitar projetos compar\u00e1veis noutros setores ou regi\u00f5es. [IO8]<\/li>\n<\/ul>\n<p><a href=\"http:\/\/dia-cvet.eu\/wp-content\/uploads\/2021\/03\/Flyer-Web.pdf\" target=\"_blank\" rel=\"noopener\">Leaflet<\/a><\/p>\n","protected":false},"excerpt":{"rendered":"<p>Esferas de atividade da forma\u00e7\u00e3o profissional cont\u00ednua qualificada em produ\u00e7\u00e3o industrial de cal\u00e7ado [IO1] Metodologia atualizada: An\u00e1lise das atividades (TA) na CVET [IO1] An\u00e1lise do que pode ser aprendido, realizada nas instala\u00e7\u00f5es das empresas participantes, por meio de An\u00e1lise das atividades (TA) na CVET na Portugal (EN e PT) [IO1] Relat\u00f3rio comparativo (An\u00e1lise das atividades) [IO1] Relat\u00f3rio comparativo sobre Reconhecimento&#8230; <a href=\"https:\/\/dia-cvet.eu\/pt-pt\/results\/\">Read more &raquo;<\/a><\/p>\n","protected":false},"author":1,"featured_media":0,"parent":0,"menu_order":0,"comment_status":"closed","ping_status":"closed","template":"","meta":{"footnotes":""},"class_list":["post-424","page","type-page","status-publish","hentry"],"_links":{"self":[{"href":"https:\/\/dia-cvet.eu\/pt-pt\/wp-json\/wp\/v2\/pages\/424","targetHints":{"allow":["GET"]}}],"collection":[{"href":"https:\/\/dia-cvet.eu\/pt-pt\/wp-json\/wp\/v2\/pages"}],"about":[{"href":"https:\/\/dia-cvet.eu\/pt-pt\/wp-json\/wp\/v2\/types\/page"}],"author":[{"embeddable":true,"href":"https:\/\/dia-cvet.eu\/pt-pt\/wp-json\/wp\/v2\/users\/1"}],"replies":[{"embeddable":true,"href":"https:\/\/dia-cvet.eu\/pt-pt\/wp-json\/wp\/v2\/comments?post=424"}],"version-history":[{"count":75,"href":"https:\/\/dia-cvet.eu\/pt-pt\/wp-json\/wp\/v2\/pages\/424\/revisions"}],"predecessor-version":[{"id":5372,"href":"https:\/\/dia-cvet.eu\/pt-pt\/wp-json\/wp\/v2\/pages\/424\/revisions\/5372"}],"wp:attachment":[{"href":"https:\/\/dia-cvet.eu\/pt-pt\/wp-json\/wp\/v2\/media?parent=424"}],"curies":[{"name":"wp","href":"https:\/\/api.w.org\/{rel}","templated":true}]}}