{"id":1641,"date":"2022-03-29T17:00:00","date_gmt":"2022-03-29T15:00:00","guid":{"rendered":"http:\/\/dia-cvet.eu\/?page_id=1641"},"modified":"2023-09-25T19:05:43","modified_gmt":"2023-09-25T17:05:43","slug":"11-manuais-para-tutores-de-apoio-a-formacao-em-contexto-de-trabalho-2","status":"publish","type":"page","link":"https:\/\/dia-cvet.eu\/pt-pt\/11-manuais-para-tutores-de-apoio-a-formacao-em-contexto-de-trabalho-2\/","title":{"rendered":"13 Manuais para tutores de apoio \u00e0 forma\u00e7\u00e3o em contexto de  trabalho"},"content":{"rendered":"<div class=\"wp-block-image\">\n<figure class=\"alignleft size-full is-resized\"><img loading=\"lazy\" decoding=\"async\" src=\"http:\/\/dia-cvet.eu\/wp-content\/uploads\/2022\/03\/Bild-IO_03.png\" alt=\"\" class=\"wp-image-4324\" style=\"width:262px;height:368px\" width=\"262\" height=\"368\"\/><\/figure>\n<\/div>\n\n\n<div class=\"wp-block-columns is-layout-flex wp-container-core-columns-is-layout-9d6595d7 wp-block-columns-is-layout-flex\">\n<div class=\"wp-block-column is-layout-flow wp-block-column-is-layout-flow\" style=\"flex-basis:100%\">\n<ul class=\"wp-block-list\">\n<li><a href=\"http:\/\/dia-cvet.eu\/wp-content\/uploads\/2023\/05\/IO_03_PT_TTM_Design_23.pdf\" target=\"_blank\" rel=\"noreferrer noopener\">Design<\/a> \u2013 Como criar uma cole\u00e7\u00e3o de cal\u00e7ado<\/li>\n\n\n\n<li><a href=\"http:\/\/dia-cvet.eu\/wp-content\/uploads\/2023\/05\/IO_03_PT_TTM_PP_23.pdf\" target=\"_blank\" rel=\"noreferrer noopener\">Tecnologia de Cal\u00e7ado \u2013 Planeamento da Produ\u00e7\u00e3o<\/a><\/li>\n\n\n\n<li><a href=\"http:\/\/dia-cvet.eu\/wp-content\/uploads\/2023\/05\/IO_03_PT_TTM_TD_23.pdf\" target=\"_blank\" rel=\"noreferrer noopener\">Desenvolvimento T\u00e9cnico<\/a><\/li>\n\n\n\n<li><a href=\"http:\/\/dia-cvet.eu\/wp-content\/uploads\/2023\/05\/IO_03_PT_TTM_TrainM_23.pdf\" target=\"_blank\" rel=\"noreferrer noopener\">Gest\u00e3o da forma\u00e7\u00e3o<\/a><\/li>\n\n\n\n<li><a href=\"http:\/\/dia-cvet.eu\/wp-content\/uploads\/2023\/05\/IO_03_PT_TTM_MM_23.pdf\" target=\"_blank\" rel=\"noreferrer noopener\">Gest\u00e3o da Manuten\u00e7\u00e3o<\/a><\/li>\n\n\n\n<li><a href=\"http:\/\/dia-cvet.eu\/wp-content\/uploads\/2023\/05\/IO_03_PT_TTM_QM_23.pdf\" target=\"_blank\" rel=\"noreferrer noopener\">Gest\u00e3o da Qualidade<\/a><\/li>\n\n\n\n<li><a href=\"http:\/\/dia-cvet.eu\/wp-content\/uploads\/2023\/05\/IO_03_PT_TTM_NM_23.pdf\" target=\"_blank\" rel=\"noreferrer noopener\">Novos materiais<\/a><\/li>\n\n\n\n<li><a href=\"http:\/\/dia-cvet.eu\/wp-content\/uploads\/2023\/05\/IO_03_PT_TTM_SCM_23.pdf\" target=\"_blank\" rel=\"noreferrer noopener\">Gest\u00e3o da Cadeia de Abastecimento (Gestor de Aprovisionamento)<\/a><\/li>\n\n\n\n<li><a href=\"http:\/\/dia-cvet.eu\/wp-content\/uploads\/2023\/05\/IO_03_PT_TTM_SR_23.pdf\" target=\"_blank\" rel=\"noreferrer noopener\">Gest\u00e3o da Responsabilidade Social<\/a><\/li>\n\n\n\n<li><a href=\"http:\/\/dia-cvet.eu\/wp-content\/uploads\/2023\/05\/IO_03_PT_TTM_MSM_23.pdf\" target=\"_blank\" rel=\"noreferrer noopener\">Gest\u00e3o da Sustentabilidade<\/a><\/li>\n\n\n\n<li><a href=\"http:\/\/dia-cvet.eu\/wp-content\/uploads\/2023\/05\/IO_03_PT_TTM_EM_23.pdf\" target=\"_blank\" rel=\"noreferrer noopener\">Gest\u00e3o Ambiental<\/a><\/li>\n\n\n\n<li><a href=\"http:\/\/dia-cvet.eu\/wp-content\/uploads\/2023\/05\/IO_03_PT_TTM-STEM_23.pdf\" target=\"_blank\" rel=\"noreferrer noopener\">STEM na Ind\u00fastria do Cal\u00e7ado \u2013Novas Tecnologias<\/a><\/li>\n\n\n\n<li><a href=\"http:\/\/dia-cvet.eu\/wp-content\/uploads\/2023\/09\/IO_03_PT_TTM_HSM_23.pdf\" target=\"_blank\" rel=\"noreferrer noopener\">Gest\u00e3o de Seguran\u00e7a e Sa\u00fade no Trabalho<\/a><\/li>\n<\/ul>\n<\/div>\n<\/div>\n\n\n\n<div style=\"height:20px\" aria-hidden=\"true\" class=\"wp-block-spacer\"><\/div>\n\n\n\n<p>Esses manuais tamb\u00e9m est\u00e3o dispon\u00edveis em outros idiomas: <a rel=\"noreferrer noopener\" href=\"https:\/\/dia-cvet.eu\/de\/11-manuals-fuer-tutoren-zur-unterstuetzung-der-ausbildung-im-prozess-der-arbeit\/\" target=\"_blank\">alem\u00e3o<\/a>, <a rel=\"noreferrer noopener\" href=\"https:\/\/dia-cvet.eu\/11-manuals-for-tutors-to-support-work-based-learning\/\" target=\"_blank\">ingl\u00eas<\/a> e <a href=\"https:\/\/dia-cvet.eu\/ro\/11-manuals-for-tutors-to-support-work-based-learning\/\" target=\"_blank\" rel=\"noreferrer noopener\">romeno<\/a><\/p>\n\n\n\n<p><a rel=\"license\" href=\"http:\/\/creativecommons.org\/licenses\/by-nc-sa\/4.0\/\"><img decoding=\"async\" alt=\"Licen\u00e7a Creative Commons\" style=\"border-width:0\" src=\"https:\/\/i.creativecommons.org\/l\/by-nc-sa\/4.0\/88x31.png\"><\/a><br>Este trabalho est\u00e1 licenciado com uma Licen\u00e7a <a rel=\"license\" href=\"http:\/\/creativecommons.org\/licenses\/by-nc-sa\/4.0\/\">Creative Commons &#8211; Atribui\u00e7\u00e3o-N\u00e3oComercial-CompartilhaIgual 4.0 Internacional<\/a>.<\/p>\n\n\n\n<p><\/p>\n","protected":false},"excerpt":{"rendered":"<p>Esses manuais tamb\u00e9m est\u00e3o dispon\u00edveis em outros idiomas: alem\u00e3o, ingl\u00eas e romeno Este trabalho est\u00e1 licenciado com uma Licen\u00e7a Creative Commons &#8211; Atribui\u00e7\u00e3o-N\u00e3oComercial-CompartilhaIgual 4.0 Internacional.<\/p>\n","protected":false},"author":1,"featured_media":0,"parent":0,"menu_order":0,"comment_status":"closed","ping_status":"closed","template":"","meta":{"footnotes":""},"class_list":["post-1641","page","type-page","status-publish","hentry"],"_links":{"self":[{"href":"https:\/\/dia-cvet.eu\/pt-pt\/wp-json\/wp\/v2\/pages\/1641","targetHints":{"allow":["GET"]}}],"collection":[{"href":"https:\/\/dia-cvet.eu\/pt-pt\/wp-json\/wp\/v2\/pages"}],"about":[{"href":"https:\/\/dia-cvet.eu\/pt-pt\/wp-json\/wp\/v2\/types\/page"}],"author":[{"embeddable":true,"href":"https:\/\/dia-cvet.eu\/pt-pt\/wp-json\/wp\/v2\/users\/1"}],"replies":[{"embeddable":true,"href":"https:\/\/dia-cvet.eu\/pt-pt\/wp-json\/wp\/v2\/comments?post=1641"}],"version-history":[{"count":30,"href":"https:\/\/dia-cvet.eu\/pt-pt\/wp-json\/wp\/v2\/pages\/1641\/revisions"}],"predecessor-version":[{"id":5262,"href":"https:\/\/dia-cvet.eu\/pt-pt\/wp-json\/wp\/v2\/pages\/1641\/revisions\/5262"}],"wp:attachment":[{"href":"https:\/\/dia-cvet.eu\/pt-pt\/wp-json\/wp\/v2\/media?parent=1641"}],"curies":[{"name":"wp","href":"https:\/\/api.w.org\/{rel}","templated":true}]}}