{"id":552,"date":"2018-02-19T18:14:59","date_gmt":"2018-02-19T18:14:59","guid":{"rendered":"http:\/\/dia-cvet.eu\/?page_id=552"},"modified":"2023-07-30T14:32:23","modified_gmt":"2023-07-30T12:32:23","slug":"interne-projekttreffen","status":"publish","type":"page","link":"https:\/\/dia-cvet.eu\/de\/interne-projekttreffen\/","title":{"rendered":"Interne Projekttreffen"},"content":{"rendered":"\n<div class=\"wp-block-columns is-layout-flex wp-container-core-columns-is-layout-9d6595d7 wp-block-columns-is-layout-flex\">\n<div class=\"wp-block-column is-layout-flow wp-block-column-is-layout-flow\">\n<figure class=\"wp-block-image size-large\"><img decoding=\"async\" src=\"http:\/\/dia-cvet.eu\/wp-content\/uploads\/2023\/07\/20230713_132940-scaled-e1690718646136.jpg\" alt=\"\"\/><\/figure>\n<\/div>\n\n\n\n<div class=\"wp-block-column is-layout-flow wp-block-column-is-layout-flow\">\n<div class=\"wp-block-group is-vertical is-layout-flex wp-container-core-group-is-layout-b7faace9 wp-block-group-is-layout-flex\">\n<p><strong>7tes (finales)<\/strong> <strong>und 3tes Advisory Board <strong>Meeting<\/strong><\/strong><\/p>\n<\/div>\n\n\n\n<p>13 und 14 Juli 2023 in S. Jo\u00e3o da Madeira<\/p>\n\n\n\n<p><a href=\"http:\/\/dia-cvet.eu\/wp-content\/uploads\/2023\/07\/DIA-CVET_7th_meeting_agenda.pdf\" target=\"_blank\" rel=\"noreferrer noopener\">Agenda<\/a><\/p>\n<\/div>\n<\/div>\n\n\n<hr \/>\n<p class=\"tw-data-text tw-text-large XcVN5d tw-ta\" dir=\"ltr\" data-placeholder=\"\u00dcbersetzung\"><strong>2tes Meeting of Advisory Board (AB)<img loading=\"lazy\" decoding=\"async\" class=\"alignright wp-image-4865\" src=\"http:\/\/dia-cvet.eu\/wp-content\/uploads\/2022\/12\/118816620_3365083713538343_2970272332030747277_o-1-300x157.jpg\" alt=\"\" width=\"395\" height=\"207\" srcset=\"https:\/\/dia-cvet.eu\/wp-content\/uploads\/2022\/12\/118816620_3365083713538343_2970272332030747277_o-1-300x157.jpg 300w, https:\/\/dia-cvet.eu\/wp-content\/uploads\/2022\/12\/118816620_3365083713538343_2970272332030747277_o-1-1024x536.jpg 1024w, https:\/\/dia-cvet.eu\/wp-content\/uploads\/2022\/12\/118816620_3365083713538343_2970272332030747277_o-1-768x402.jpg 768w, https:\/\/dia-cvet.eu\/wp-content\/uploads\/2022\/12\/118816620_3365083713538343_2970272332030747277_o-1-624x327.jpg 624w, https:\/\/dia-cvet.eu\/wp-content\/uploads\/2022\/12\/118816620_3365083713538343_2970272332030747277_o-1.jpg 1200w\" sizes=\"auto, (max-width: 395px) 100vw, 395px\" \/><\/strong><br id=\"tw-target-text\" class=\"tw-data-text tw-text-large XcVN5d tw-ta\" dir=\"ltr\" data-placeholder=\"\u00dcbersetzung\" \/><span id=\"result_box\" class=\"short_text\" lang=\"en\"><\/span>29. und 30. M\u00e4rz 2023 in Iasi<br dir=\"ltr\" data-placeholder=\"\u00dcbersetzung\" \/><a href=\"http:\/\/dia-cvet.eu\/wp-content\/uploads\/2023\/01\/DIA-CVET_6th_meeting_agenda.pdf\" target=\"_blank\" rel=\"noopener\">Agenda<\/a><\/p>\n<hr \/>\n<p class=\"tw-data-text tw-text-large XcVN5d tw-ta\" dir=\"ltr\" data-placeholder=\"\u00dcbersetzung\"><strong>6tes Meeting<\/strong><br id=\"tw-target-text\" class=\"tw-data-text tw-text-large XcVN5d tw-ta\" dir=\"ltr\" data-placeholder=\"\u00dcbersetzung\" \/>29. und 30. M\u00e4rz 2023 in Iasi<span id=\"result_box\" class=\"short_text\" lang=\"en\"><\/span><br dir=\"ltr\" data-placeholder=\"\u00dcbersetzung\" \/><a href=\"http:\/\/dia-cvet.eu\/wp-content\/uploads\/2023\/01\/DIA-CVET_6th_meeting_agenda.pdf\" target=\"_blank\" rel=\"noopener\">Agenda<\/a><\/p>\n<hr \/>\n<p class=\"tw-data-text tw-text-large XcVN5d tw-ta\" dir=\"ltr\" data-placeholder=\"\u00dcbersetzung\"><strong><img loading=\"lazy\" decoding=\"async\" class=\"alignleft wp-image-4828\" src=\"http:\/\/dia-cvet.eu\/wp-content\/uploads\/2022\/11\/Bild1-300x227.jpg\" alt=\"\" width=\"286\" height=\"216\" srcset=\"https:\/\/dia-cvet.eu\/wp-content\/uploads\/2022\/11\/Bild1-300x227.jpg 300w, https:\/\/dia-cvet.eu\/wp-content\/uploads\/2022\/11\/Bild1-1024x773.jpg 1024w, https:\/\/dia-cvet.eu\/wp-content\/uploads\/2022\/11\/Bild1-768x580.jpg 768w, https:\/\/dia-cvet.eu\/wp-content\/uploads\/2022\/11\/Bild1-624x471.jpg 624w, https:\/\/dia-cvet.eu\/wp-content\/uploads\/2022\/11\/Bild1.jpg 1500w\" sizes=\"auto, (max-width: 286px) 100vw, 286px\" \/>1tes Meeting of Advisory Board (AB)<\/strong><br id=\"tw-target-text\" class=\"tw-data-text tw-text-large XcVN5d tw-ta\" dir=\"ltr\" data-placeholder=\"\u00dcbersetzung\" \/><span id=\"result_box\" class=\"short_text\" lang=\"en\"><\/span>6. und 7. Dezember 2022 in Bremen<br dir=\"ltr\" data-placeholder=\"\u00dcbersetzung\" \/><a href=\"http:\/\/dia-cvet.eu\/wp-content\/uploads\/2022\/11\/DIA-CVET_AB_meeting_agenda_II.pdf\" target=\"_blank\" rel=\"noopener\">Agenda<\/a><\/p>\n<hr \/>\n<p class=\"tw-data-text tw-text-large XcVN5d tw-ta\" dir=\"ltr\" data-placeholder=\"\u00dcbersetzung\"><strong>5tes Meeting<\/strong><br id=\"tw-target-text\" class=\"tw-data-text tw-text-large XcVN5d tw-ta\" dir=\"ltr\" data-placeholder=\"\u00dcbersetzung\" \/>6. und 7. Dezember 2022 in Bremen<span id=\"result_box\" class=\"short_text\" lang=\"en\"><\/span><br dir=\"ltr\" data-placeholder=\"\u00dcbersetzung\" \/><a href=\"http:\/\/dia-cvet.eu\/wp-content\/uploads\/2022\/11\/DIA-CVET_5th_meeting_agenda_II.pdf\" target=\"_blank\" rel=\"noopener\">Agenda<\/a><\/p>\n<hr \/>\n<p class=\"tw-data-text tw-text-large XcVN5d tw-ta\" dir=\"ltr\" data-placeholder=\"\u00dcbersetzung\"><strong><span lang=\"en\"><img loading=\"lazy\" decoding=\"async\" class=\"alignleft wp-image-4781\" src=\"http:\/\/dia-cvet.eu\/wp-content\/uploads\/2022\/07\/csm_2022-03-09_Ausbildungsmesse_Step_up_shoes_ISC_Germany_5f35278f1a-1-300x172.jpg\" alt=\"\" width=\"138\" height=\"79\" srcset=\"https:\/\/dia-cvet.eu\/wp-content\/uploads\/2022\/07\/csm_2022-03-09_Ausbildungsmesse_Step_up_shoes_ISC_Germany_5f35278f1a-1-300x172.jpg 300w, https:\/\/dia-cvet.eu\/wp-content\/uploads\/2022\/07\/csm_2022-03-09_Ausbildungsmesse_Step_up_shoes_ISC_Germany_5f35278f1a-1.jpg 543w\" sizes=\"auto, (max-width: 138px) 100vw, 138px\" \/><\/span><\/strong><\/p>\n<p class=\"tw-data-text tw-text-large XcVN5d tw-ta\" dir=\"ltr\" data-placeholder=\"\u00dcbersetzung\"><strong>2tes Learning, teaching and training activity (LTTA)<\/strong><br id=\"tw-target-text\" class=\"tw-data-text tw-text-large XcVN5d tw-ta\" dir=\"ltr\" data-placeholder=\"\u00dcbersetzung\" \/>19. und 21. Juli 2022 in Pirmasens<span id=\"result_box\" class=\"short_text\" lang=\"en\"><\/span><br dir=\"ltr\" data-placeholder=\"\u00dcbersetzung\" \/><a href=\"http:\/\/dia-cvet.eu\/wp-content\/uploads\/2022\/07\/LTTA2-Zeitplan-Final-1.pdf\" target=\"_blank\" rel=\"noopener\">Agenda LTTA<\/a><\/p>\n<hr \/>\n<p class=\"tw-data-text tw-text-large XcVN5d tw-ta\" dir=\"ltr\" data-placeholder=\"\u00dcbersetzung\"><strong><img loading=\"lazy\" decoding=\"async\" class=\"alignleft\" src=\"http:\/\/dia-cvet.eu\/wp-content\/uploads\/2022\/07\/PFI-4.Gebaeude.23.8.2021-1024x627-1.jpg\" alt=\"\" width=\"139\" height=\"85\" \/>4tes Meeting<\/strong><br id=\"tw-target-text\" class=\"tw-data-text tw-text-large XcVN5d tw-ta\" dir=\"ltr\" data-placeholder=\"\u00dcbersetzung\" \/><span id=\"result_box\" class=\"short_text\" lang=\"en\"><\/span>21. und 22. Juli 2022 in Pirmasens<br dir=\"ltr\" data-placeholder=\"\u00dcbersetzung\" \/><a href=\"http:\/\/dia-cvet.eu\/wp-content\/uploads\/2022\/07\/DIA-CVET_4th_meeting_agenda.pdf\" target=\"_blank\" rel=\"noopener\">Agenda<\/a><\/p>\n<hr \/>\n<p class=\"tw-data-text tw-text-large XcVN5d tw-ta\" dir=\"ltr\" data-placeholder=\"\u00dcbersetzung\"><strong><span lang=\"en\"><img loading=\"lazy\" decoding=\"async\" class=\"alignleft wp-image-4781\" src=\"http:\/\/dia-cvet.eu\/wp-content\/uploads\/2022\/07\/csm_2022-03-09_Ausbildungsmesse_Step_up_shoes_ISC_Germany_5f35278f1a-1-300x172.jpg\" alt=\"\" width=\"138\" height=\"79\" srcset=\"https:\/\/dia-cvet.eu\/wp-content\/uploads\/2022\/07\/csm_2022-03-09_Ausbildungsmesse_Step_up_shoes_ISC_Germany_5f35278f1a-1-300x172.jpg 300w, https:\/\/dia-cvet.eu\/wp-content\/uploads\/2022\/07\/csm_2022-03-09_Ausbildungsmesse_Step_up_shoes_ISC_Germany_5f35278f1a-1.jpg 543w\" sizes=\"auto, (max-width: 138px) 100vw, 138px\" \/><\/span><\/strong><\/p>\n<p class=\"tw-data-text tw-text-large XcVN5d tw-ta\" dir=\"ltr\" data-placeholder=\"\u00dcbersetzung\"><strong>2tes Learning, teaching and training activity (LTTA)<\/strong><br id=\"tw-target-text\" class=\"tw-data-text tw-text-large XcVN5d tw-ta\" dir=\"ltr\" data-placeholder=\"\u00dcbersetzung\" \/>19. und 21. Juli 2022 in Pirmasens<span id=\"result_box\" class=\"short_text\" lang=\"en\"><\/span><br dir=\"ltr\" data-placeholder=\"\u00dcbersetzung\" \/><a href=\"http:\/\/dia-cvet.eu\/wp-content\/uploads\/2022\/07\/LTTA2-Zeitplan-Final-1.pdf\" target=\"_blank\" rel=\"noopener\">Agenda LTTA<\/a><\/p>\n<hr \/>\n<p><strong><img loading=\"lazy\" decoding=\"async\" class=\"alignleft wp-image-4251\" src=\"http:\/\/dia-cvet.eu\/wp-content\/uploads\/2022\/02\/Museu-da-Chapelaria-scaled-1-300x244.jpg\" alt=\"\" width=\"139\" height=\"113\" srcset=\"https:\/\/dia-cvet.eu\/wp-content\/uploads\/2022\/02\/Museu-da-Chapelaria-scaled-1-300x244.jpg 300w, https:\/\/dia-cvet.eu\/wp-content\/uploads\/2022\/02\/Museu-da-Chapelaria-scaled-1-768x625.jpg 768w, https:\/\/dia-cvet.eu\/wp-content\/uploads\/2022\/02\/Museu-da-Chapelaria-scaled-1-624x508.jpg 624w, https:\/\/dia-cvet.eu\/wp-content\/uploads\/2022\/02\/Museu-da-Chapelaria-scaled-1.jpg 1024w\" sizes=\"auto, (max-width: 139px) 100vw, 139px\" \/>3tes Meeting<\/strong><br \/>28. und 29 April 2022 in Porto<br \/><span id=\"result_box\" class=\"short_text\" lang=\"en\"><\/span><span id=\"result_box\" class=\"short_text\" lang=\"en\"><\/span><a href=\"http:\/\/dia-cvet.eu\/wp-content\/uploads\/2022\/02\/DIA-CVET_3rd_meeting_agenda.pdf\" target=\"_blank\" rel=\"noopener noreferrer\">Agenda<\/a><\/p>\n<p>\u00a0<\/p>\n<hr \/>\n<p><strong><img loading=\"lazy\" decoding=\"async\" class=\" wp-image-4299 alignleft\" src=\"http:\/\/dia-cvet.eu\/wp-content\/uploads\/2022\/02\/LTTM-624x624-1-300x300.jpg\" alt=\"\" width=\"139\" height=\"139\" srcset=\"https:\/\/dia-cvet.eu\/wp-content\/uploads\/2022\/02\/LTTM-624x624-1-300x300.jpg 300w, https:\/\/dia-cvet.eu\/wp-content\/uploads\/2022\/02\/LTTM-624x624-1-150x150.jpg 150w, https:\/\/dia-cvet.eu\/wp-content\/uploads\/2022\/02\/LTTM-624x624-1-176x176.jpg 176w, https:\/\/dia-cvet.eu\/wp-content\/uploads\/2022\/02\/LTTM-624x624-1-60x60.jpg 60w, https:\/\/dia-cvet.eu\/wp-content\/uploads\/2022\/02\/LTTM-624x624-1.jpg 624w\" sizes=\"auto, (max-width: 139px) 100vw, 139px\" \/>Learning, teaching and training activity (LTTA)<\/strong><br \/>26. und 28 April 2022 in Porto<br \/><span id=\"result_box\" class=\"short_text\" lang=\"en\"><\/span><span id=\"result_box\" class=\"short_text\" lang=\"en\"><\/span><a href=\"http:\/\/dia-cvet.eu\/wp-content\/uploads\/2022\/02\/C1_LTTA_April_22_DIA-CVET-AGENDA.pdf\" target=\"_blank\" rel=\"noopener noreferrer\">Agenda LTTA<\/a><\/p>\n<p>\u00a0<\/p>\n<hr \/>\n<p><strong><img loading=\"lazy\" decoding=\"async\" class=\"alignleft wp-image-3903\" src=\"http:\/\/dia-cvet.eu\/wp-content\/uploads\/2020\/10\/Video-Konferenz-300x198.jpg\" alt=\"\" width=\"135\" height=\"89\" srcset=\"https:\/\/dia-cvet.eu\/wp-content\/uploads\/2020\/10\/Video-Konferenz-300x198.jpg 300w, https:\/\/dia-cvet.eu\/wp-content\/uploads\/2020\/10\/Video-Konferenz.jpg 481w\" sizes=\"auto, (max-width: 135px) 100vw, 135px\" \/>2tes Meeting<\/strong><br \/>13. und 14. Oktober 2021 als Video-Konferenz<a href=\"http:\/\/dia-cvet.eu\/wp-content\/uploads\/2022\/02\/DIA-CVET_2nd_agenda.pdf\" target=\"_blank\" rel=\"noopener noreferrer\"><br \/><\/a><a href=\"http:\/\/dia-cvet.eu\/wp-content\/uploads\/2022\/02\/DIA-CVET_2nd_agenda.pdf\" target=\"_blank\" rel=\"noopener noreferrer\">Agenda<\/a><\/p>\n<hr \/>\n<p dir=\"ltr\" data-placeholder=\"\u00dcbersetzung\"><strong><img loading=\"lazy\" decoding=\"async\" class=\"alignleft wp-image-3903\" src=\"http:\/\/dia-cvet.eu\/wp-content\/uploads\/2020\/10\/Video-Konferenz-300x198.jpg\" alt=\"\" width=\"135\" height=\"89\" srcset=\"https:\/\/dia-cvet.eu\/wp-content\/uploads\/2020\/10\/Video-Konferenz-300x198.jpg 300w, https:\/\/dia-cvet.eu\/wp-content\/uploads\/2020\/10\/Video-Konferenz.jpg 481w\" sizes=\"auto, (max-width: 135px) 100vw, 135px\" \/>Kick-off Meeting<\/strong><br \/>6. und 7. Oktober 2020 als Video-Konferenz<br \/><span id=\"result_box\" class=\"short_text\" lang=\"en\"><\/span><span id=\"result_box\" class=\"short_text\" lang=\"en\"><\/span><a href=\"http:\/\/dia-cvet.eu\/wp-content\/uploads\/2020\/10\/DIA-CVET_kick_off_agenda.pdf\" target=\"_blank\" rel=\"noopener noreferrer\">Agenda<\/a><\/p>\n\n\n<figure class=\"wp-block-image size-large\"><img loading=\"lazy\" decoding=\"async\" width=\"1024\" height=\"1024\" src=\"http:\/\/dia-cvet.eu\/wp-content\/uploads\/2021\/03\/Schuh-Mix-01-1024x1024.png\" alt=\"\" class=\"wp-image-4065\" srcset=\"https:\/\/dia-cvet.eu\/wp-content\/uploads\/2021\/03\/Schuh-Mix-01-1024x1024.png 1024w, https:\/\/dia-cvet.eu\/wp-content\/uploads\/2021\/03\/Schuh-Mix-01-300x300.png 300w, https:\/\/dia-cvet.eu\/wp-content\/uploads\/2021\/03\/Schuh-Mix-01-150x150.png 150w, https:\/\/dia-cvet.eu\/wp-content\/uploads\/2021\/03\/Schuh-Mix-01-768x768.png 768w, https:\/\/dia-cvet.eu\/wp-content\/uploads\/2021\/03\/Schuh-Mix-01-1536x1536.png 1536w, https:\/\/dia-cvet.eu\/wp-content\/uploads\/2021\/03\/Schuh-Mix-01-2048x2048.png 2048w, https:\/\/dia-cvet.eu\/wp-content\/uploads\/2021\/03\/Schuh-Mix-01-624x624.png 624w, https:\/\/dia-cvet.eu\/wp-content\/uploads\/2021\/03\/Schuh-Mix-01-176x176.png 176w, https:\/\/dia-cvet.eu\/wp-content\/uploads\/2021\/03\/Schuh-Mix-01-60x60.png 60w\" sizes=\"auto, (max-width: 1024px) 100vw, 1024px\" \/><\/figure>\n","protected":false},"excerpt":{"rendered":"<p>7tes (finales) und 3tes Advisory Board Meeting 13 und 14 Juli 2023 in S. Jo\u00e3o da Madeira Agenda 2tes Meeting of Advisory Board (AB)29. und 30. M\u00e4rz 2023 in IasiAgenda 6tes Meeting29. und 30. M\u00e4rz 2023 in IasiAgenda 1tes Meeting of Advisory Board (AB)6. und 7. Dezember 2022 in BremenAgenda 5tes Meeting6. und 7. Dezember 2022 in BremenAgenda 2tes Learning,&#8230; <a href=\"https:\/\/dia-cvet.eu\/de\/interne-projekttreffen\/\">Read more &raquo;<\/a><\/p>\n","protected":false},"author":1,"featured_media":0,"parent":0,"menu_order":0,"comment_status":"closed","ping_status":"closed","template":"","meta":{"footnotes":""},"class_list":["post-552","page","type-page","status-publish","hentry"],"_links":{"self":[{"href":"https:\/\/dia-cvet.eu\/de\/wp-json\/wp\/v2\/pages\/552","targetHints":{"allow":["GET"]}}],"collection":[{"href":"https:\/\/dia-cvet.eu\/de\/wp-json\/wp\/v2\/pages"}],"about":[{"href":"https:\/\/dia-cvet.eu\/de\/wp-json\/wp\/v2\/types\/page"}],"author":[{"embeddable":true,"href":"https:\/\/dia-cvet.eu\/de\/wp-json\/wp\/v2\/users\/1"}],"replies":[{"embeddable":true,"href":"https:\/\/dia-cvet.eu\/de\/wp-json\/wp\/v2\/comments?post=552"}],"version-history":[{"count":46,"href":"https:\/\/dia-cvet.eu\/de\/wp-json\/wp\/v2\/pages\/552\/revisions"}],"predecessor-version":[{"id":5167,"href":"https:\/\/dia-cvet.eu\/de\/wp-json\/wp\/v2\/pages\/552\/revisions\/5167"}],"wp:attachment":[{"href":"https:\/\/dia-cvet.eu\/de\/wp-json\/wp\/v2\/media?parent=552"}],"curies":[{"name":"wp","href":"https:\/\/api.w.org\/{rel}","templated":true}]}}